{"id":55,"date":"2016-06-13T15:48:45","date_gmt":"2016-06-13T15:48:45","guid":{"rendered":"http:\/\/sw-themes.com\/porto_dummy\/?page_id=55"},"modified":"2023-03-15T21:33:43","modified_gmt":"2023-03-15T21:33:43","slug":"uber-uns-2","status":"publish","type":"page","link":"https:\/\/petofparadise.de\/de\/uber-uns-2\/","title":{"rendered":"\u00dcber uns"},"content":{"rendered":"<div data-elementor-type=\"wp-page\" data-elementor-id=\"55\" class=\"elementor elementor-55\">\n\t\t\t\t\t\t<section class=\"elementor-section elementor-top-section elementor-element elementor-element-53468e9 elementor-section-boxed elementor-section-height-default elementor-section-height-default\" data-id=\"53468e9\" data-element_type=\"section\">\r\n\t\t\r\n\t\t\t\t\t\t\t<div class=\"elementor-container elementor-column-gap-default\">\r\n\t\t\t\t\t\t\t\t\t\t\t<div class=\"elementor-column elementor-col-100 elementor-top-column elementor-element elementor-element-26e4240\" data-id=\"26e4240\" data-element_type=\"column\">\r\n\t\t\t\t\t<div class=\"elementor-widget-wrap elementor-element-populated\">\r\n\t\t\t\t\t\t\t\t<div class=\"elementor-element elementor-element-37f0394 elementor-widget elementor-widget-text-editor\" data-id=\"37f0394\" data-element_type=\"widget\" data-widget_type=\"text-editor.default\">\n\t\t\t\t<div class=\"elementor-widget-container\">\n\t\t\t\t\t\t\t\t\t<p><strong>About Pet-of-paradise <\/strong><\/p><p>Wir sind ein Zusammenschluss exotischer Tierz\u00fcchter. Wir z\u00fcchten und bringen exotische Kreaturen wie Kapuzineraffen, Fennec-Box, Kinkajou, Lemuren, Wei\u00dfb\u00fcschelaffen, Savannenk\u00e4tzchen, Klammeraffen, Buschbabys, Totenkopf\u00e4ffchen usw.<\/p><p>Every one of our exotic animals has a license and is accompanied by all required documentation, such as adoption certificates, health certificates, confirmation certificates for vaccinations, and license permits.<\/p><p><strong>Mission Statement<\/strong>:<\/p><p>Der Besitzer eines exotischen Tieres ist eine ernsthafte Pflicht. Dies hat zwei separate Anwendungen f\u00fcr petofparadise. Die erste ist unsere Verpflichtung als Halter und Z\u00fcchter dieser erstaunlichen Kreaturen.<\/p><p>Wir arbeiten hart daran, unseren Tieren das bestm\u00f6gliche Zuhause zu bieten, da sie uns sehr am Herzen liegen und wir es als Privileg betrachten, ein Teil ihres Lebens zu sein.<\/p><p><strong>Visitation and\/or Pick-up:<\/strong><\/p><p>Wir bei Petofparadise sind uns bewusst, dass Sie m\u00f6glicherweise eine erhebliche Investition in unsere Tiere t\u00e4tigen, daher hei\u00dfen wir Sie immer herzlich willkommen, Ihren Neuzugang abzuholen. Wir empfehlen diese Wahl, da sie uns die M\u00f6glichkeit bietet, Sie kennenzulernen und Sie fr\u00fchzeitig bei der Gew\u00f6hnung an Ihr ungew\u00f6hnliches Baby und die damit verbundenen Aufgaben zu unterst\u00fctzen.<\/p><p>Sie sind herzlich eingeladen, uns, unsere Einrichtung und vielleicht sogar die Eltern Ihres Haustieres zu besuchen. Allerdings lassen wir unsere Kleinkinder keine weiten Strecken mit dem Auto zur\u00fccklegen. Wenn Sie weit von uns entfernt wohnen, versenden wir Ihr neues Familienmitglied nur \u00fcber spezialisierte Tiertransportunternehmen.<\/p><p><strong>Shipping:<\/strong><\/p><p>Depending on the weather, we can ship to any country and anyplace in the US that Delta Airlines flies. Even if some minor airports don&#8217;t accept cargo, there are generally others nearby.<\/p><p>We prefer to ship throughout the week when it&#8217;s less busy whenever we can. Please be prepared to be flexible regarding arrival timings even if we might be able to ship inside the requested time range.<\/p><p><strong>Deposits &amp; Payment:<\/strong><\/p><p>Prior to delivery, we accept deposits for some newborns who are on waiting lists. Deposits can keep newborns until they are prepared to move into their new home.<\/p><p>We need a refundable deposit equal to 50% of the baby&#8217;s buying price. Only in the unlikely event that we are unable to deliver the requested infant to you within the allotted time frame will refunds be made.<\/p><p>Cryptocurrency, bank transfers, Zelle, and Cash App are all acceptable payment methods. On a case-by-case basis, alternative techniques can be taken into account. Before an animal is dispatched, full payment\u2014including the cost of shipping\u2014must be received.<\/p><p>\u00a0<\/p><p>\u00a0<\/p><p><strong>\u00a0<\/strong><\/p><p><strong>\u00a0<\/strong><\/p><p><strong>CONTACT INFORMATION<\/strong><\/p><p>Email: <a href=\"mailto:info@petofparadise.com\">info@petofparadise.com<\/a><\/p>\t\t\t\t\t\t\t\t<\/div>\n\t\t\t\t<\/div>\n\t\t\t\t\t<\/div>\r\n\t\t\t\t<\/div>\r\n\t\t\t\t\t<\/div>\r\n\t\t\t\t<\/section>\r\n\t\t\t\t<\/div>","protected":false},"excerpt":{"rendered":"<p>About Pet-of-paradise We are an association of exotic pet breeders. We raise and rehome exotic creatures including Capuchin monkeys, Fennec box, Kinkajou, Lemurs, Marmoset monkeys, Savannah kittens, spider monkeys, bush babies, squirrel monkeys, etc. Every one of our exotic animals has a license and is accompanied by all required documentation, such as adoption certificates, health [&hellip;]<\/p>","protected":false},"author":2,"featured_media":0,"parent":0,"menu_order":0,"comment_status":"closed","ping_status":"closed","template":"","meta":{"footnotes":""},"class_list":["post-55","page","type-page","status-publish","hentry"],"yoast_head":"<!-- This site is optimized with the Yoast SEO plugin v26.0 - https:\/\/yoast.com\/wordpress\/plugins\/seo\/ -->\n<title>About Us - petofparadise<\/title>\n<meta name=\"description\" content=\"About Pet-of-paradise We are an association of exotic pet breeders. We raise and rehome exotic creatures including Capuchin monkeys, Fennec box, Kinkajou,\" \/>\n<meta name=\"robots\" content=\"index, follow, max-snippet:-1, max-image-preview:large, max-video-preview:-1\" \/>\n<link rel=\"canonical\" href=\"https:\/\/petofparadise.de\/de\/uber-uns-2\/\" \/>\n<meta property=\"og:locale\" content=\"de_DE\" \/>\n<meta property=\"og:type\" content=\"article\" \/>\n<meta property=\"og:title\" content=\"About Us - petofparadise\" \/>\n<meta property=\"og:description\" content=\"About Pet-of-paradise We are an association of exotic pet breeders. We raise and rehome exotic creatures including Capuchin monkeys, Fennec box, Kinkajou,\" \/>\n<meta property=\"og:url\" content=\"https:\/\/petofparadise.de\/de\/uber-uns-2\/\" \/>\n<meta property=\"og:site_name\" content=\"petofparadise\" \/>\n<meta property=\"article:publisher\" content=\"https:\/\/www.facebook.com\/Pet-Of-Paradise-109498151885678\" \/>\n<meta property=\"article:modified_time\" content=\"2023-03-15T21:33:43+00:00\" \/>\n<meta name=\"twitter:card\" content=\"summary_large_image\" \/>\n<meta name=\"twitter:label1\" content=\"Gesch\u00e4tzte Lesezeit\" \/>\n\t<meta name=\"twitter:data1\" content=\"1\u00a0Minute\" \/>\n<script type=\"application\/ld+json\" class=\"yoast-schema-graph\">{\"@context\":\"https:\/\/schema.org\",\"@graph\":[{\"@type\":\"WebPage\",\"@id\":\"https:\/\/petofparadise.de\/about-us\/\",\"url\":\"https:\/\/petofparadise.de\/about-us\/\",\"name\":\"About Us - petofparadise\",\"isPartOf\":{\"@id\":\"https:\/\/petofparadise.de\/#website\"},\"datePublished\":\"2016-06-13T15:48:45+00:00\",\"dateModified\":\"2023-03-15T21:33:43+00:00\",\"description\":\"About Pet-of-paradise We are an association of exotic pet breeders. We raise and rehome exotic creatures including Capuchin monkeys, Fennec box, Kinkajou,\",\"breadcrumb\":{\"@id\":\"https:\/\/petofparadise.de\/about-us\/#breadcrumb\"},\"inLanguage\":\"de\",\"potentialAction\":[{\"@type\":\"ReadAction\",\"target\":[\"https:\/\/petofparadise.de\/about-us\/\"]}]},{\"@type\":\"BreadcrumbList\",\"@id\":\"https:\/\/petofparadise.de\/about-us\/#breadcrumb\",\"itemListElement\":[{\"@type\":\"ListItem\",\"position\":1,\"name\":\"Home\",\"item\":\"https:\/\/petofparadise.de\/\"},{\"@type\":\"ListItem\",\"position\":2,\"name\":\"About Us\"}]},{\"@type\":\"WebSite\",\"@id\":\"https:\/\/petofparadise.de\/#website\",\"url\":\"https:\/\/petofparadise.de\/\",\"name\":\"petofparadise\",\"description\":\"\",\"publisher\":{\"@id\":\"https:\/\/petofparadise.de\/#organization\"},\"potentialAction\":[{\"@type\":\"SearchAction\",\"target\":{\"@type\":\"EntryPoint\",\"urlTemplate\":\"https:\/\/petofparadise.de\/?s={search_term_string}\"},\"query-input\":{\"@type\":\"PropertyValueSpecification\",\"valueRequired\":true,\"valueName\":\"search_term_string\"}}],\"inLanguage\":\"de\"},{\"@type\":\"Organization\",\"@id\":\"https:\/\/petofparadise.de\/#organization\",\"name\":\"petofparadise\",\"url\":\"https:\/\/petofparadise.de\/\",\"logo\":{\"@type\":\"ImageObject\",\"inLanguage\":\"de\",\"@id\":\"https:\/\/petofparadise.de\/#\/schema\/logo\/image\/\",\"url\":\"https:\/\/petofparadise.de\/wp-content\/uploads\/2022\/08\/Pet-Animal-Care-Logo-e1660743952855.png\",\"contentUrl\":\"https:\/\/petofparadise.de\/wp-content\/uploads\/2022\/08\/Pet-Animal-Care-Logo-e1660743952855.png\",\"width\":277,\"height\":271,\"caption\":\"petofparadise\"},\"image\":{\"@id\":\"https:\/\/petofparadise.de\/#\/schema\/logo\/image\/\"},\"sameAs\":[\"https:\/\/www.facebook.com\/Pet-Of-Paradise-109498151885678\",\"https:\/\/www.instagram.com\/petofparadise\/\"]}]}<\/script>\n<!-- \/ Yoast SEO plugin. -->","yoast_head_json":{"title":"About Us - petofparadise","description":"About Pet-of-paradise We are an association of exotic pet breeders. We raise and rehome exotic creatures including Capuchin monkeys, Fennec box, Kinkajou,","robots":{"index":"index","follow":"follow","max-snippet":"max-snippet:-1","max-image-preview":"max-image-preview:large","max-video-preview":"max-video-preview:-1"},"canonical":"https:\/\/petofparadise.de\/de\/uber-uns-2\/","og_locale":"de_DE","og_type":"article","og_title":"About Us - petofparadise","og_description":"About Pet-of-paradise We are an association of exotic pet breeders. We raise and rehome exotic creatures including Capuchin monkeys, Fennec box, Kinkajou,","og_url":"https:\/\/petofparadise.de\/de\/uber-uns-2\/","og_site_name":"petofparadise","article_publisher":"https:\/\/www.facebook.com\/Pet-Of-Paradise-109498151885678","article_modified_time":"2023-03-15T21:33:43+00:00","twitter_card":"summary_large_image","twitter_misc":{"Gesch\u00e4tzte Lesezeit":"1\u00a0Minute"},"schema":{"@context":"https:\/\/schema.org","@graph":[{"@type":"WebPage","@id":"https:\/\/petofparadise.de\/about-us\/","url":"https:\/\/petofparadise.de\/about-us\/","name":"About Us - petofparadise","isPartOf":{"@id":"https:\/\/petofparadise.de\/#website"},"datePublished":"2016-06-13T15:48:45+00:00","dateModified":"2023-03-15T21:33:43+00:00","description":"About Pet-of-paradise We are an association of exotic pet breeders. We raise and rehome exotic creatures including Capuchin monkeys, Fennec box, Kinkajou,","breadcrumb":{"@id":"https:\/\/petofparadise.de\/about-us\/#breadcrumb"},"inLanguage":"de","potentialAction":[{"@type":"ReadAction","target":["https:\/\/petofparadise.de\/about-us\/"]}]},{"@type":"BreadcrumbList","@id":"https:\/\/petofparadise.de\/about-us\/#breadcrumb","itemListElement":[{"@type":"ListItem","position":1,"name":"Home","item":"https:\/\/petofparadise.de\/"},{"@type":"ListItem","position":2,"name":"About Us"}]},{"@type":"WebSite","@id":"https:\/\/petofparadise.de\/#website","url":"https:\/\/petofparadise.de\/","name":"petofparadise","description":"","publisher":{"@id":"https:\/\/petofparadise.de\/#organization"},"potentialAction":[{"@type":"SearchAction","target":{"@type":"EntryPoint","urlTemplate":"https:\/\/petofparadise.de\/?s={search_term_string}"},"query-input":{"@type":"PropertyValueSpecification","valueRequired":true,"valueName":"search_term_string"}}],"inLanguage":"de"},{"@type":"Organization","@id":"https:\/\/petofparadise.de\/#organization","name":"petofparadise","url":"https:\/\/petofparadise.de\/","logo":{"@type":"ImageObject","inLanguage":"de","@id":"https:\/\/petofparadise.de\/#\/schema\/logo\/image\/","url":"https:\/\/petofparadise.de\/wp-content\/uploads\/2022\/08\/Pet-Animal-Care-Logo-e1660743952855.png","contentUrl":"https:\/\/petofparadise.de\/wp-content\/uploads\/2022\/08\/Pet-Animal-Care-Logo-e1660743952855.png","width":277,"height":271,"caption":"petofparadise"},"image":{"@id":"https:\/\/petofparadise.de\/#\/schema\/logo\/image\/"},"sameAs":["https:\/\/www.facebook.com\/Pet-Of-Paradise-109498151885678","https:\/\/www.instagram.com\/petofparadise\/"]}]}},"_links":{"self":[{"href":"https:\/\/petofparadise.de\/de\/wp-json\/wp\/v2\/pages\/55","targetHints":{"allow":["GET"]}}],"collection":[{"href":"https:\/\/petofparadise.de\/de\/wp-json\/wp\/v2\/pages"}],"about":[{"href":"https:\/\/petofparadise.de\/de\/wp-json\/wp\/v2\/types\/page"}],"author":[{"embeddable":true,"href":"https:\/\/petofparadise.de\/de\/wp-json\/wp\/v2\/users\/2"}],"replies":[{"embeddable":true,"href":"https:\/\/petofparadise.de\/de\/wp-json\/wp\/v2\/comments?post=55"}],"version-history":[{"count":0,"href":"https:\/\/petofparadise.de\/de\/wp-json\/wp\/v2\/pages\/55\/revisions"}],"wp:attachment":[{"href":"https:\/\/petofparadise.de\/de\/wp-json\/wp\/v2\/media?parent=55"}],"curies":[{"name":"wp","href":"https:\/\/api.w.org\/{rel}","templated":true}]}}