{"id":55,"date":"2016-06-13T15:48:45","date_gmt":"2016-06-13T15:48:45","guid":{"rendered":"http:\/\/sw-themes.com\/porto_dummy\/?page_id=55"},"modified":"2023-03-15T21:33:43","modified_gmt":"2023-03-15T21:33:43","slug":"sobre-nos","status":"publish","type":"page","link":"https:\/\/petofparadise.de\/pt\/sobre-nos\/","title":{"rendered":"Sobre n\u00f3s"},"content":{"rendered":"<div data-elementor-type=\"wp-page\" data-elementor-id=\"55\" class=\"elementor elementor-55\">\n\t\t\t\t\t\t<section class=\"elementor-section elementor-top-section elementor-element elementor-element-53468e9 elementor-section-boxed elementor-section-height-default elementor-section-height-default\" data-id=\"53468e9\" data-element_type=\"section\">\r\n\t\t\r\n\t\t\t\t\t\t\t<div class=\"elementor-container elementor-column-gap-default\">\r\n\t\t\t\t\t\t\t\t\t\t\t<div class=\"elementor-column elementor-col-100 elementor-top-column elementor-element elementor-element-26e4240\" data-id=\"26e4240\" data-element_type=\"column\">\r\n\t\t\t\t\t<div class=\"elementor-widget-wrap elementor-element-populated\">\r\n\t\t\t\t\t\t\t\t<div class=\"elementor-element elementor-element-37f0394 elementor-widget elementor-widget-text-editor\" data-id=\"37f0394\" data-element_type=\"widget\" data-widget_type=\"text-editor.default\">\n\t\t\t\t<div class=\"elementor-widget-container\">\n\t\t\t\t\t\t\t\t\t<p><strong>About Pet-of-paradise <\/strong><\/p><p>Somos uma associa\u00e7\u00e3o de criadores de animais ex\u00f3ticos. Criamos e realojamos criaturas ex\u00f3ticas, incluindo macacos capuchinhos, Fennec box, Kinkajou, l\u00eamures, macacos sag\u00fcis, gatinhos Savannah, macacos-aranha, beb\u00eas selvagens, macacos esquilos, etc.<\/p><p>Every one of our exotic animals has a license and is accompanied by all required documentation, such as adoption certificates, health certificates, confirmation certificates for vaccinations, and license permits.<\/p><p><strong>Mission Statement<\/strong>:<\/p><p>Ser dono de um animal ex\u00f3tico \u00e9 um dever s\u00e9rio. Isso tem dois aplicativos separados para petofparadise. A primeira \u00e9 nossa obriga\u00e7\u00e3o como guardi\u00f5es e criadores dessas incr\u00edveis criaturas.<\/p><p>Trabalhamos muito para fornecer aos nossos animais os melhores lares poss\u00edveis, pois eles s\u00e3o queridos para n\u00f3s e vemos como um privil\u00e9gio fazer parte de suas vidas.<\/p><p><strong>Visitation and\/or Pick-up:<\/strong><\/p><p>N\u00f3s da Petofparadise estamos cientes de que voc\u00ea pode estar fazendo um investimento significativo em nossos animais, por isso sempre o recebemos para vir buscar sua nova adi\u00e7\u00e3o. Recomendamos essa escolha, pois nos oferece a oportunidade de conhec\u00ea-lo e apoi\u00e1-lo desde cedo, \u00e0 medida que voc\u00ea se acostuma com seu beb\u00ea incomum e com as responsabilidades que ele trar\u00e1.<\/p><p>Voc\u00ea \u00e9 bem-vindo para nos visitar, conhecer nossas instala\u00e7\u00f5es e talvez at\u00e9 os pais de seu animal de estima\u00e7\u00e3o. No entanto, n\u00e3o permitiremos que nossos beb\u00eas percorram grandes dist\u00e2ncias de carro. Se voc\u00ea mora longe de n\u00f3s, enviaremos seu novo membro da fam\u00edlia apenas por meio de empresas especializadas em transporte de animais.<\/p><p><strong>Shipping:<\/strong><\/p><p>Depending on the weather, we can ship to any country and anyplace in the US that Delta Airlines flies. Even if some minor airports don&#8217;t accept cargo, there are generally others nearby.<\/p><p>We prefer to ship throughout the week when it&#8217;s less busy whenever we can. Please be prepared to be flexible regarding arrival timings even if we might be able to ship inside the requested time range.<\/p><p><strong>Deposits &amp; Payment:<\/strong><\/p><p>Prior to delivery, we accept deposits for some newborns who are on waiting lists. Deposits can keep newborns until they are prepared to move into their new home.<\/p><p>We need a refundable deposit equal to 50% of the baby&#8217;s buying price. Only in the unlikely event that we are unable to deliver the requested infant to you within the allotted time frame will refunds be made.<\/p><p>Cryptocurrency, bank transfers, Zelle, and Cash App are all acceptable payment methods. On a case-by-case basis, alternative techniques can be taken into account. Before an animal is dispatched, full payment\u2014including the cost of shipping\u2014must be received.<\/p><p>\u00a0<\/p><p>\u00a0<\/p><p><strong>\u00a0<\/strong><\/p><p><strong>\u00a0<\/strong><\/p><p><strong>CONTACT INFORMATION<\/strong><\/p><p>Email: <a href=\"mailto:info@petofparadise.com\">info@petofparadise.com<\/a><\/p>\t\t\t\t\t\t\t\t<\/div>\n\t\t\t\t<\/div>\n\t\t\t\t\t<\/div>\r\n\t\t\t\t<\/div>\r\n\t\t\t\t\t<\/div>\r\n\t\t\t\t<\/section>\r\n\t\t\t\t<\/div>","protected":false},"excerpt":{"rendered":"<p>About Pet-of-paradise We are an association of exotic pet breeders. We raise and rehome exotic creatures including Capuchin monkeys, Fennec box, Kinkajou, Lemurs, Marmoset monkeys, Savannah kittens, spider monkeys, bush babies, squirrel monkeys, etc. Every one of our exotic animals has a license and is accompanied by all required documentation, such as adoption certificates, health [&hellip;]<\/p>","protected":false},"author":2,"featured_media":0,"parent":0,"menu_order":0,"comment_status":"closed","ping_status":"closed","template":"","meta":{"footnotes":""},"class_list":["post-55","page","type-page","status-publish","hentry"],"yoast_head":"<!-- This site is optimized with the Yoast SEO plugin v26.0 - https:\/\/yoast.com\/wordpress\/plugins\/seo\/ -->\n<title>About Us - petofparadise<\/title>\n<meta name=\"description\" content=\"About Pet-of-paradise We are an association of exotic pet breeders. We raise and rehome exotic creatures including Capuchin monkeys, Fennec box, Kinkajou,\" \/>\n<meta name=\"robots\" content=\"index, follow, max-snippet:-1, max-image-preview:large, max-video-preview:-1\" \/>\n<link rel=\"canonical\" href=\"https:\/\/petofparadise.de\/pt\/sobre-nos\/\" \/>\n<meta property=\"og:locale\" content=\"pt_PT\" \/>\n<meta property=\"og:type\" content=\"article\" \/>\n<meta property=\"og:title\" content=\"About Us - petofparadise\" \/>\n<meta property=\"og:description\" content=\"About Pet-of-paradise We are an association of exotic pet breeders. We raise and rehome exotic creatures including Capuchin monkeys, Fennec box, Kinkajou,\" \/>\n<meta property=\"og:url\" content=\"https:\/\/petofparadise.de\/pt\/sobre-nos\/\" \/>\n<meta property=\"og:site_name\" content=\"petofparadise\" \/>\n<meta property=\"article:publisher\" content=\"https:\/\/www.facebook.com\/Pet-Of-Paradise-109498151885678\" \/>\n<meta property=\"article:modified_time\" content=\"2023-03-15T21:33:43+00:00\" \/>\n<meta name=\"twitter:card\" content=\"summary_large_image\" \/>\n<meta name=\"twitter:label1\" content=\"Tempo estimado de leitura\" \/>\n\t<meta name=\"twitter:data1\" content=\"1 minuto\" \/>\n<script type=\"application\/ld+json\" class=\"yoast-schema-graph\">{\"@context\":\"https:\/\/schema.org\",\"@graph\":[{\"@type\":\"WebPage\",\"@id\":\"https:\/\/petofparadise.de\/about-us\/\",\"url\":\"https:\/\/petofparadise.de\/about-us\/\",\"name\":\"About Us - petofparadise\",\"isPartOf\":{\"@id\":\"https:\/\/petofparadise.de\/#website\"},\"datePublished\":\"2016-06-13T15:48:45+00:00\",\"dateModified\":\"2023-03-15T21:33:43+00:00\",\"description\":\"About Pet-of-paradise We are an association of exotic pet breeders. We raise and rehome exotic creatures including Capuchin monkeys, Fennec box, Kinkajou,\",\"breadcrumb\":{\"@id\":\"https:\/\/petofparadise.de\/about-us\/#breadcrumb\"},\"inLanguage\":\"pt-PT\",\"potentialAction\":[{\"@type\":\"ReadAction\",\"target\":[\"https:\/\/petofparadise.de\/about-us\/\"]}]},{\"@type\":\"BreadcrumbList\",\"@id\":\"https:\/\/petofparadise.de\/about-us\/#breadcrumb\",\"itemListElement\":[{\"@type\":\"ListItem\",\"position\":1,\"name\":\"Home\",\"item\":\"https:\/\/petofparadise.de\/\"},{\"@type\":\"ListItem\",\"position\":2,\"name\":\"About Us\"}]},{\"@type\":\"WebSite\",\"@id\":\"https:\/\/petofparadise.de\/#website\",\"url\":\"https:\/\/petofparadise.de\/\",\"name\":\"petofparadise\",\"description\":\"\",\"publisher\":{\"@id\":\"https:\/\/petofparadise.de\/#organization\"},\"potentialAction\":[{\"@type\":\"SearchAction\",\"target\":{\"@type\":\"EntryPoint\",\"urlTemplate\":\"https:\/\/petofparadise.de\/?s={search_term_string}\"},\"query-input\":{\"@type\":\"PropertyValueSpecification\",\"valueRequired\":true,\"valueName\":\"search_term_string\"}}],\"inLanguage\":\"pt-PT\"},{\"@type\":\"Organization\",\"@id\":\"https:\/\/petofparadise.de\/#organization\",\"name\":\"petofparadise\",\"url\":\"https:\/\/petofparadise.de\/\",\"logo\":{\"@type\":\"ImageObject\",\"inLanguage\":\"pt-PT\",\"@id\":\"https:\/\/petofparadise.de\/#\/schema\/logo\/image\/\",\"url\":\"https:\/\/petofparadise.de\/wp-content\/uploads\/2022\/08\/Pet-Animal-Care-Logo-e1660743952855.png\",\"contentUrl\":\"https:\/\/petofparadise.de\/wp-content\/uploads\/2022\/08\/Pet-Animal-Care-Logo-e1660743952855.png\",\"width\":277,\"height\":271,\"caption\":\"petofparadise\"},\"image\":{\"@id\":\"https:\/\/petofparadise.de\/#\/schema\/logo\/image\/\"},\"sameAs\":[\"https:\/\/www.facebook.com\/Pet-Of-Paradise-109498151885678\",\"https:\/\/www.instagram.com\/petofparadise\/\"]}]}<\/script>\n<!-- \/ Yoast SEO plugin. -->","yoast_head_json":{"title":"About Us - petofparadise","description":"About Pet-of-paradise We are an association of exotic pet breeders. We raise and rehome exotic creatures including Capuchin monkeys, Fennec box, Kinkajou,","robots":{"index":"index","follow":"follow","max-snippet":"max-snippet:-1","max-image-preview":"max-image-preview:large","max-video-preview":"max-video-preview:-1"},"canonical":"https:\/\/petofparadise.de\/pt\/sobre-nos\/","og_locale":"pt_PT","og_type":"article","og_title":"About Us - petofparadise","og_description":"About Pet-of-paradise We are an association of exotic pet breeders. We raise and rehome exotic creatures including Capuchin monkeys, Fennec box, Kinkajou,","og_url":"https:\/\/petofparadise.de\/pt\/sobre-nos\/","og_site_name":"petofparadise","article_publisher":"https:\/\/www.facebook.com\/Pet-Of-Paradise-109498151885678","article_modified_time":"2023-03-15T21:33:43+00:00","twitter_card":"summary_large_image","twitter_misc":{"Tempo estimado de leitura":"1 minuto"},"schema":{"@context":"https:\/\/schema.org","@graph":[{"@type":"WebPage","@id":"https:\/\/petofparadise.de\/about-us\/","url":"https:\/\/petofparadise.de\/about-us\/","name":"About Us - petofparadise","isPartOf":{"@id":"https:\/\/petofparadise.de\/#website"},"datePublished":"2016-06-13T15:48:45+00:00","dateModified":"2023-03-15T21:33:43+00:00","description":"About Pet-of-paradise We are an association of exotic pet breeders. We raise and rehome exotic creatures including Capuchin monkeys, Fennec box, Kinkajou,","breadcrumb":{"@id":"https:\/\/petofparadise.de\/about-us\/#breadcrumb"},"inLanguage":"pt-PT","potentialAction":[{"@type":"ReadAction","target":["https:\/\/petofparadise.de\/about-us\/"]}]},{"@type":"BreadcrumbList","@id":"https:\/\/petofparadise.de\/about-us\/#breadcrumb","itemListElement":[{"@type":"ListItem","position":1,"name":"Home","item":"https:\/\/petofparadise.de\/"},{"@type":"ListItem","position":2,"name":"About Us"}]},{"@type":"WebSite","@id":"https:\/\/petofparadise.de\/#website","url":"https:\/\/petofparadise.de\/","name":"petofparadise","description":"","publisher":{"@id":"https:\/\/petofparadise.de\/#organization"},"potentialAction":[{"@type":"SearchAction","target":{"@type":"EntryPoint","urlTemplate":"https:\/\/petofparadise.de\/?s={search_term_string}"},"query-input":{"@type":"PropertyValueSpecification","valueRequired":true,"valueName":"search_term_string"}}],"inLanguage":"pt-PT"},{"@type":"Organization","@id":"https:\/\/petofparadise.de\/#organization","name":"petofparadise","url":"https:\/\/petofparadise.de\/","logo":{"@type":"ImageObject","inLanguage":"pt-PT","@id":"https:\/\/petofparadise.de\/#\/schema\/logo\/image\/","url":"https:\/\/petofparadise.de\/wp-content\/uploads\/2022\/08\/Pet-Animal-Care-Logo-e1660743952855.png","contentUrl":"https:\/\/petofparadise.de\/wp-content\/uploads\/2022\/08\/Pet-Animal-Care-Logo-e1660743952855.png","width":277,"height":271,"caption":"petofparadise"},"image":{"@id":"https:\/\/petofparadise.de\/#\/schema\/logo\/image\/"},"sameAs":["https:\/\/www.facebook.com\/Pet-Of-Paradise-109498151885678","https:\/\/www.instagram.com\/petofparadise\/"]}]}},"_links":{"self":[{"href":"https:\/\/petofparadise.de\/pt\/wp-json\/wp\/v2\/pages\/55","targetHints":{"allow":["GET"]}}],"collection":[{"href":"https:\/\/petofparadise.de\/pt\/wp-json\/wp\/v2\/pages"}],"about":[{"href":"https:\/\/petofparadise.de\/pt\/wp-json\/wp\/v2\/types\/page"}],"author":[{"embeddable":true,"href":"https:\/\/petofparadise.de\/pt\/wp-json\/wp\/v2\/users\/2"}],"replies":[{"embeddable":true,"href":"https:\/\/petofparadise.de\/pt\/wp-json\/wp\/v2\/comments?post=55"}],"version-history":[{"count":0,"href":"https:\/\/petofparadise.de\/pt\/wp-json\/wp\/v2\/pages\/55\/revisions"}],"wp:attachment":[{"href":"https:\/\/petofparadise.de\/pt\/wp-json\/wp\/v2\/media?parent=55"}],"curies":[{"name":"wp","href":"https:\/\/api.w.org\/{rel}","templated":true}]}}