{"id":55,"date":"2016-06-13T15:48:45","date_gmt":"2016-06-13T15:48:45","guid":{"rendered":"http:\/\/sw-themes.com\/porto_dummy\/?page_id=55"},"modified":"2023-03-15T21:33:43","modified_gmt":"2023-03-15T21:33:43","slug":"hakkimizda","status":"publish","type":"page","link":"https:\/\/petofparadise.de\/tr\/hakkimizda\/","title":{"rendered":"Hakk\u0131m\u0131zda"},"content":{"rendered":"<div data-elementor-type=\"wp-page\" data-elementor-id=\"55\" class=\"elementor elementor-55\">\n\t\t\t\t\t\t<section class=\"elementor-section elementor-top-section elementor-element elementor-element-53468e9 elementor-section-boxed elementor-section-height-default elementor-section-height-default\" data-id=\"53468e9\" data-element_type=\"section\">\r\n\t\t\r\n\t\t\t\t\t\t\t<div class=\"elementor-container elementor-column-gap-default\">\r\n\t\t\t\t\t\t\t\t\t\t\t<div class=\"elementor-column elementor-col-100 elementor-top-column elementor-element elementor-element-26e4240\" data-id=\"26e4240\" data-element_type=\"column\">\r\n\t\t\t\t\t<div class=\"elementor-widget-wrap elementor-element-populated\">\r\n\t\t\t\t\t\t\t\t<div class=\"elementor-element elementor-element-37f0394 elementor-widget elementor-widget-text-editor\" data-id=\"37f0394\" data-element_type=\"widget\" data-widget_type=\"text-editor.default\">\n\t\t\t\t<div class=\"elementor-widget-container\">\n\t\t\t\t\t\t\t\t\t<p><strong>About Pet-of-paradise <\/strong><\/p><p>Biz egzotik evcil hayvan yeti\u015ftiricileri derne\u011fiyiz. Capuchin maymunlar\u0131, Fennec kutusu, Kinkajou, Lemurlar, Marmoset maymunlar\u0131, Savannah yavru kedileri, \u00f6r\u00fcmcek maymunlar\u0131, \u00e7al\u0131 bebekleri, sincap maymunlar\u0131 vb. gibi egzotik yarat\u0131klar\u0131 yeti\u015ftiriyor ve yeniden bar\u0131nd\u0131r\u0131yoruz.<\/p><p>Every one of our exotic animals has a license and is accompanied by all required documentation, such as adoption certificates, health certificates, confirmation certificates for vaccinations, and license permits.<\/p><p><strong>Mission Statement<\/strong>:<\/p><p>Egzotik bir hayvan\u0131n sahibi olmak ciddi bir g\u00f6revdir. Bunun petofparadise i\u00e7in iki ayr\u0131 uygulamas\u0131 var. Birincisi, bu harika yarat\u0131klar\u0131n bak\u0131c\u0131lar\u0131 ve yeti\u015ftiricileri olarak bizim y\u00fck\u00fcml\u00fcl\u00fc\u011f\u00fcm\u00fczd\u00fcr.<\/p><p>Bizim i\u00e7in de\u011ferli olan hayvanlar\u0131m\u0131za m\u00fcmk\u00fcn olan en g\u00fczel yuvalar\u0131 sa\u011flamak i\u00e7in \u00e7ok \u00e7al\u0131\u015f\u0131yor ve hayatlar\u0131n\u0131n bir par\u00e7as\u0131 olmay\u0131 bir ayr\u0131cal\u0131k olarak g\u00f6r\u00fcyoruz.<\/p><p><strong>Visitation and\/or Pick-up:<\/strong><\/p><p>Petofparadise olarak bizler, hayvanlar\u0131m\u0131za \u00f6nemli bir yat\u0131r\u0131m yap\u0131yor olabilece\u011finizin fark\u0131nday\u0131z, bu nedenle sizi her zaman gelip yeni hayvan\u0131n\u0131z\u0131 almaya davet ediyoruz. Al\u0131\u015f\u0131lmad\u0131k bebe\u011finize ve onun getirece\u011fi sorumluluklara al\u0131\u015f\u0131rken sizi daha yak\u0131ndan tan\u0131ma ve size erken d\u00f6nemde destek verme f\u0131rsat\u0131 sundu\u011fu i\u00e7in bu se\u00e7imi \u00f6neriyoruz.<\/p><p>Bizi, tesisimizi ve hatta belki de evcil hayvan\u0131n\u0131z\u0131n ebeveynlerini g\u00f6rmeye gelebilirsiniz. Ancak bebeklerimizin arabayla uzun mesafeler kat etmesine izin vermeyece\u011fiz. Bizden \u00e7ok uzakta ya\u015f\u0131yorsan\u0131z, yeni aile \u00fcyenizi yaln\u0131zca \u00f6zel hayvan nakliyat firmalar\u0131 kullanarak g\u00f6ndeririz.<\/p><p><strong>Shipping:<\/strong><\/p><p>Depending on the weather, we can ship to any country and anyplace in the US that Delta Airlines flies. Even if some minor airports don&#8217;t accept cargo, there are generally others nearby.<\/p><p>We prefer to ship throughout the week when it&#8217;s less busy whenever we can. Please be prepared to be flexible regarding arrival timings even if we might be able to ship inside the requested time range.<\/p><p><strong>Deposits &amp; Payment:<\/strong><\/p><p>Prior to delivery, we accept deposits for some newborns who are on waiting lists. Deposits can keep newborns until they are prepared to move into their new home.<\/p><p>We need a refundable deposit equal to 50% of the baby&#8217;s buying price. Only in the unlikely event that we are unable to deliver the requested infant to you within the allotted time frame will refunds be made.<\/p><p>Cryptocurrency, bank transfers, Zelle, and Cash App are all acceptable payment methods. On a case-by-case basis, alternative techniques can be taken into account. Before an animal is dispatched, full payment\u2014including the cost of shipping\u2014must be received.<\/p><p>\u00a0<\/p><p>\u00a0<\/p><p><strong>\u00a0<\/strong><\/p><p><strong>\u00a0<\/strong><\/p><p><strong>CONTACT INFORMATION<\/strong><\/p><p>Email: <a href=\"mailto:info@petofparadise.com\">info@petofparadise.com<\/a><\/p>\t\t\t\t\t\t\t\t<\/div>\n\t\t\t\t<\/div>\n\t\t\t\t\t<\/div>\r\n\t\t\t\t<\/div>\r\n\t\t\t\t\t<\/div>\r\n\t\t\t\t<\/section>\r\n\t\t\t\t<\/div>","protected":false},"excerpt":{"rendered":"<p>About Pet-of-paradise We are an association of exotic pet breeders. We raise and rehome exotic creatures including Capuchin monkeys, Fennec box, Kinkajou, Lemurs, Marmoset monkeys, Savannah kittens, spider monkeys, bush babies, squirrel monkeys, etc. Every one of our exotic animals has a license and is accompanied by all required documentation, such as adoption certificates, health [&hellip;]<\/p>","protected":false},"author":2,"featured_media":0,"parent":0,"menu_order":0,"comment_status":"closed","ping_status":"closed","template":"","meta":{"footnotes":""},"class_list":["post-55","page","type-page","status-publish","hentry"],"yoast_head":"<!-- This site is optimized with the Yoast SEO plugin v26.0 - https:\/\/yoast.com\/wordpress\/plugins\/seo\/ -->\n<title>About Us - petofparadise<\/title>\n<meta name=\"description\" content=\"About Pet-of-paradise We are an association of exotic pet breeders. We raise and rehome exotic creatures including Capuchin monkeys, Fennec box, Kinkajou,\" \/>\n<meta name=\"robots\" content=\"index, follow, max-snippet:-1, max-image-preview:large, max-video-preview:-1\" \/>\n<link rel=\"canonical\" href=\"https:\/\/petofparadise.de\/tr\/hakkimizda\/\" \/>\n<meta property=\"og:locale\" content=\"tr_TR\" \/>\n<meta property=\"og:type\" content=\"article\" \/>\n<meta property=\"og:title\" content=\"About Us - petofparadise\" \/>\n<meta property=\"og:description\" content=\"About Pet-of-paradise We are an association of exotic pet breeders. We raise and rehome exotic creatures including Capuchin monkeys, Fennec box, Kinkajou,\" \/>\n<meta property=\"og:url\" content=\"https:\/\/petofparadise.de\/tr\/hakkimizda\/\" \/>\n<meta property=\"og:site_name\" content=\"petofparadise\" \/>\n<meta property=\"article:publisher\" content=\"https:\/\/www.facebook.com\/Pet-Of-Paradise-109498151885678\" \/>\n<meta property=\"article:modified_time\" content=\"2023-03-15T21:33:43+00:00\" \/>\n<meta name=\"twitter:card\" content=\"summary_large_image\" \/>\n<meta name=\"twitter:label1\" content=\"Tahmini okuma s\u00fcresi\" \/>\n\t<meta name=\"twitter:data1\" content=\"1 dakika\" \/>\n<script type=\"application\/ld+json\" class=\"yoast-schema-graph\">{\"@context\":\"https:\/\/schema.org\",\"@graph\":[{\"@type\":\"WebPage\",\"@id\":\"https:\/\/petofparadise.de\/about-us\/\",\"url\":\"https:\/\/petofparadise.de\/about-us\/\",\"name\":\"About Us - petofparadise\",\"isPartOf\":{\"@id\":\"https:\/\/petofparadise.de\/#website\"},\"datePublished\":\"2016-06-13T15:48:45+00:00\",\"dateModified\":\"2023-03-15T21:33:43+00:00\",\"description\":\"About Pet-of-paradise We are an association of exotic pet breeders. We raise and rehome exotic creatures including Capuchin monkeys, Fennec box, Kinkajou,\",\"breadcrumb\":{\"@id\":\"https:\/\/petofparadise.de\/about-us\/#breadcrumb\"},\"inLanguage\":\"tr\",\"potentialAction\":[{\"@type\":\"ReadAction\",\"target\":[\"https:\/\/petofparadise.de\/about-us\/\"]}]},{\"@type\":\"BreadcrumbList\",\"@id\":\"https:\/\/petofparadise.de\/about-us\/#breadcrumb\",\"itemListElement\":[{\"@type\":\"ListItem\",\"position\":1,\"name\":\"Home\",\"item\":\"https:\/\/petofparadise.de\/\"},{\"@type\":\"ListItem\",\"position\":2,\"name\":\"About Us\"}]},{\"@type\":\"WebSite\",\"@id\":\"https:\/\/petofparadise.de\/#website\",\"url\":\"https:\/\/petofparadise.de\/\",\"name\":\"petofparadise\",\"description\":\"\",\"publisher\":{\"@id\":\"https:\/\/petofparadise.de\/#organization\"},\"potentialAction\":[{\"@type\":\"SearchAction\",\"target\":{\"@type\":\"EntryPoint\",\"urlTemplate\":\"https:\/\/petofparadise.de\/?s={search_term_string}\"},\"query-input\":{\"@type\":\"PropertyValueSpecification\",\"valueRequired\":true,\"valueName\":\"search_term_string\"}}],\"inLanguage\":\"tr\"},{\"@type\":\"Organization\",\"@id\":\"https:\/\/petofparadise.de\/#organization\",\"name\":\"petofparadise\",\"url\":\"https:\/\/petofparadise.de\/\",\"logo\":{\"@type\":\"ImageObject\",\"inLanguage\":\"tr\",\"@id\":\"https:\/\/petofparadise.de\/#\/schema\/logo\/image\/\",\"url\":\"https:\/\/petofparadise.de\/wp-content\/uploads\/2022\/08\/Pet-Animal-Care-Logo-e1660743952855.png\",\"contentUrl\":\"https:\/\/petofparadise.de\/wp-content\/uploads\/2022\/08\/Pet-Animal-Care-Logo-e1660743952855.png\",\"width\":277,\"height\":271,\"caption\":\"petofparadise\"},\"image\":{\"@id\":\"https:\/\/petofparadise.de\/#\/schema\/logo\/image\/\"},\"sameAs\":[\"https:\/\/www.facebook.com\/Pet-Of-Paradise-109498151885678\",\"https:\/\/www.instagram.com\/petofparadise\/\"]}]}<\/script>\n<!-- \/ Yoast SEO plugin. -->","yoast_head_json":{"title":"About Us - petofparadise","description":"About Pet-of-paradise We are an association of exotic pet breeders. We raise and rehome exotic creatures including Capuchin monkeys, Fennec box, Kinkajou,","robots":{"index":"index","follow":"follow","max-snippet":"max-snippet:-1","max-image-preview":"max-image-preview:large","max-video-preview":"max-video-preview:-1"},"canonical":"https:\/\/petofparadise.de\/tr\/hakkimizda\/","og_locale":"tr_TR","og_type":"article","og_title":"About Us - petofparadise","og_description":"About Pet-of-paradise We are an association of exotic pet breeders. We raise and rehome exotic creatures including Capuchin monkeys, Fennec box, Kinkajou,","og_url":"https:\/\/petofparadise.de\/tr\/hakkimizda\/","og_site_name":"petofparadise","article_publisher":"https:\/\/www.facebook.com\/Pet-Of-Paradise-109498151885678","article_modified_time":"2023-03-15T21:33:43+00:00","twitter_card":"summary_large_image","twitter_misc":{"Tahmini okuma s\u00fcresi":"1 dakika"},"schema":{"@context":"https:\/\/schema.org","@graph":[{"@type":"WebPage","@id":"https:\/\/petofparadise.de\/about-us\/","url":"https:\/\/petofparadise.de\/about-us\/","name":"About Us - petofparadise","isPartOf":{"@id":"https:\/\/petofparadise.de\/#website"},"datePublished":"2016-06-13T15:48:45+00:00","dateModified":"2023-03-15T21:33:43+00:00","description":"About Pet-of-paradise We are an association of exotic pet breeders. We raise and rehome exotic creatures including Capuchin monkeys, Fennec box, Kinkajou,","breadcrumb":{"@id":"https:\/\/petofparadise.de\/about-us\/#breadcrumb"},"inLanguage":"tr","potentialAction":[{"@type":"ReadAction","target":["https:\/\/petofparadise.de\/about-us\/"]}]},{"@type":"BreadcrumbList","@id":"https:\/\/petofparadise.de\/about-us\/#breadcrumb","itemListElement":[{"@type":"ListItem","position":1,"name":"Home","item":"https:\/\/petofparadise.de\/"},{"@type":"ListItem","position":2,"name":"About Us"}]},{"@type":"WebSite","@id":"https:\/\/petofparadise.de\/#website","url":"https:\/\/petofparadise.de\/","name":"evcil hayvan cenneti","description":"","publisher":{"@id":"https:\/\/petofparadise.de\/#organization"},"potentialAction":[{"@type":"SearchAction","target":{"@type":"EntryPoint","urlTemplate":"https:\/\/petofparadise.de\/?s={search_term_string}"},"query-input":{"@type":"PropertyValueSpecification","valueRequired":true,"valueName":"search_term_string"}}],"inLanguage":"tr"},{"@type":"Organization","@id":"https:\/\/petofparadise.de\/#organization","name":"evcil hayvan cenneti","url":"https:\/\/petofparadise.de\/","logo":{"@type":"ImageObject","inLanguage":"tr","@id":"https:\/\/petofparadise.de\/#\/schema\/logo\/image\/","url":"https:\/\/petofparadise.de\/wp-content\/uploads\/2022\/08\/Pet-Animal-Care-Logo-e1660743952855.png","contentUrl":"https:\/\/petofparadise.de\/wp-content\/uploads\/2022\/08\/Pet-Animal-Care-Logo-e1660743952855.png","width":277,"height":271,"caption":"petofparadise"},"image":{"@id":"https:\/\/petofparadise.de\/#\/schema\/logo\/image\/"},"sameAs":["https:\/\/www.facebook.com\/Pet-Of-Paradise-109498151885678","https:\/\/www.instagram.com\/petofparadise\/"]}]}},"_links":{"self":[{"href":"https:\/\/petofparadise.de\/tr\/wp-json\/wp\/v2\/pages\/55","targetHints":{"allow":["GET"]}}],"collection":[{"href":"https:\/\/petofparadise.de\/tr\/wp-json\/wp\/v2\/pages"}],"about":[{"href":"https:\/\/petofparadise.de\/tr\/wp-json\/wp\/v2\/types\/page"}],"author":[{"embeddable":true,"href":"https:\/\/petofparadise.de\/tr\/wp-json\/wp\/v2\/users\/2"}],"replies":[{"embeddable":true,"href":"https:\/\/petofparadise.de\/tr\/wp-json\/wp\/v2\/comments?post=55"}],"version-history":[{"count":0,"href":"https:\/\/petofparadise.de\/tr\/wp-json\/wp\/v2\/pages\/55\/revisions"}],"wp:attachment":[{"href":"https:\/\/petofparadise.de\/tr\/wp-json\/wp\/v2\/media?parent=55"}],"curies":[{"name":"wp","href":"https:\/\/api.w.org\/{rel}","templated":true}]}}